{"id":1491,"date":"2016-11-08T17:49:24","date_gmt":"2016-11-08T16:49:24","guid":{"rendered":"http:\/\/cicm.ma\/en\/vie-associative\/"},"modified":"2016-12-19T12:03:30","modified_gmt":"2016-12-19T11:03:30","slug":"associative-life","status":"publish","type":"page","link":"http:\/\/cicm.ma\/en\/associative-life\/","title":{"rendered":"ASSOCIATIVE LIFE"},"content":{"rendered":"<p>[vc_row css=&#8221;.vc_custom_1479949009419{margin-bottom: 50px !important;}&#8221;][vc_column width=&#8221;1\/3&#8243;][vc_empty_space][vc_column_text]<\/p>\n<p style=\"text-align: center; color: #ff0017; font-family: Titillium Web; font-size: 36px;\">CGEM<\/p>\n<p style=\"text-align: center;\"><strong>Conf\u00e9d\u00e9ration G\u00e9n\u00e9rale des Entreprises du Maroc<\/strong><\/p>\n<p>[\/vc_column_text][\/vc_column][vc_column width=&#8221;1\/3&#8243;][vc_empty_space][vc_column_text]<\/p>\n<p style=\"text-align: center; color: #ff0017; font-family: Titillium Web; font-size: 36px;\">FNTR<\/p>\n<p style=\"text-align: center;\"><strong>F\u00e9d\u00e9ration Nationale du Transport Routier<\/strong><\/p>\n<p>[\/vc_column_text][\/vc_column][vc_column width=&#8221;1\/3&#8243;][vc_empty_space][vc_column_text]<\/p>\n<p style=\"text-align: center; color: #ff0017; font-family: Titillium Web; font-size: 36px;\">AMTHL<\/p>\n<p style=\"text-align: center;\"><strong>Association Marocaine des Transporteurs d\u2019Hydrocarbures et de Liquides<\/strong><\/p>\n<p>[\/vc_column_text][\/vc_column][\/vc_row]<\/p>\n","protected":false},"excerpt":{"rendered":"<p>[vc_row css=&#8221;.vc_custom_1479949009419{margin-bottom: 50px !important;}&#8221;][vc_column width=&#8221;1\/3&#8243;][vc_empty_space][vc_column_text] CGEM Conf\u00e9d\u00e9ration G\u00e9n\u00e9rale des Entreprises du Maroc [\/vc_column_text][\/vc_column][vc_column width=&#8221;1\/3&#8243;][vc_empty_space][vc_column_text] FNTR F\u00e9d\u00e9ration Nationale du Transport Routier [\/vc_column_text][\/vc_column][vc_column width=&#8221;1\/3&#8243;][vc_empty_space][vc_column_text] AMTHL Association Marocaine des Transporteurs d\u2019Hydrocarbures et de Liquides [\/vc_column_text][\/vc_column][\/vc_row]<\/p>\n","protected":false},"author":1,"featured_media":0,"parent":0,"menu_order":0,"comment_status":"closed","ping_status":"closed","template":"","meta":{"footnotes":""},"class_list":["post-1491","page","type-page","status-publish","hentry"],"yoast_head":"<!-- This site is optimized with the Yoast SEO plugin v27.4 - https:\/\/yoast.com\/product\/yoast-seo-wordpress\/ -->\n<title>ASSOCIATIVE LIFE - CICM<\/title>\n<meta name=\"description\" content=\"Conf\u00e9d\u00e9ration G\u00e9n\u00e9rale des Entreprises du Maroc F\u00e9d\u00e9ration Nationale du Transport Routier\" \/>\n<meta name=\"robots\" content=\"index, follow, max-snippet:-1, max-image-preview:large, max-video-preview:-1\" \/>\n<link rel=\"canonical\" href=\"http:\/\/cicm.ma\/en\/associative-life\/\" \/>\n<meta property=\"og:locale\" content=\"en_US\" \/>\n<meta property=\"og:type\" content=\"article\" \/>\n<meta property=\"og:title\" content=\"ASSOCIATIVE LIFE - CICM\" \/>\n<meta property=\"og:description\" content=\"Conf\u00e9d\u00e9ration G\u00e9n\u00e9rale des Entreprises du Maroc F\u00e9d\u00e9ration Nationale du Transport Routier\" \/>\n<meta property=\"og:url\" content=\"http:\/\/cicm.ma\/en\/associative-life\/\" \/>\n<meta property=\"og:site_name\" content=\"CICM\" \/>\n<meta property=\"article:modified_time\" content=\"2016-12-19T11:03:30+00:00\" \/>\n<meta name=\"twitter:card\" content=\"summary_large_image\" \/>\n<script type=\"application\/ld+json\" class=\"yoast-schema-graph\">{\"@context\":\"https:\\\/\\\/schema.org\",\"@graph\":[{\"@type\":\"WebPage\",\"@id\":\"http:\\\/\\\/cicm.ma\\\/en\\\/associative-life\\\/\",\"url\":\"http:\\\/\\\/cicm.ma\\\/en\\\/associative-life\\\/\",\"name\":\"ASSOCIATIVE LIFE - CICM\",\"isPartOf\":{\"@id\":\"http:\\\/\\\/cicm.ma\\\/#website\"},\"datePublished\":\"2016-11-08T16:49:24+00:00\",\"dateModified\":\"2016-12-19T11:03:30+00:00\",\"description\":\"Conf\u00e9d\u00e9ration G\u00e9n\u00e9rale des Entreprises du Maroc F\u00e9d\u00e9ration Nationale du Transport Routier\",\"breadcrumb\":{\"@id\":\"http:\\\/\\\/cicm.ma\\\/en\\\/associative-life\\\/#breadcrumb\"},\"inLanguage\":\"en-US\",\"potentialAction\":[{\"@type\":\"ReadAction\",\"target\":[\"http:\\\/\\\/cicm.ma\\\/en\\\/associative-life\\\/\"]}]},{\"@type\":\"BreadcrumbList\",\"@id\":\"http:\\\/\\\/cicm.ma\\\/en\\\/associative-life\\\/#breadcrumb\",\"itemListElement\":[{\"@type\":\"ListItem\",\"position\":1,\"name\":\"Accueil\",\"item\":\"http:\\\/\\\/cicm.ma\\\/en\\\/\"},{\"@type\":\"ListItem\",\"position\":2,\"name\":\"ASSOCIATIVE LIFE\"}]},{\"@type\":\"WebSite\",\"@id\":\"http:\\\/\\\/cicm.ma\\\/#website\",\"url\":\"http:\\\/\\\/cicm.ma\\\/\",\"name\":\"CICM\",\"description\":\"Logistique\",\"potentialAction\":[{\"@type\":\"SearchAction\",\"target\":{\"@type\":\"EntryPoint\",\"urlTemplate\":\"http:\\\/\\\/cicm.ma\\\/?s={search_term_string}\"},\"query-input\":{\"@type\":\"PropertyValueSpecification\",\"valueRequired\":true,\"valueName\":\"search_term_string\"}}],\"inLanguage\":\"en-US\"}]}<\/script>\n<!-- \/ Yoast SEO plugin. -->","yoast_head_json":{"title":"ASSOCIATIVE LIFE - CICM","description":"Conf\u00e9d\u00e9ration G\u00e9n\u00e9rale des Entreprises du Maroc F\u00e9d\u00e9ration Nationale du Transport Routier","robots":{"index":"index","follow":"follow","max-snippet":"max-snippet:-1","max-image-preview":"max-image-preview:large","max-video-preview":"max-video-preview:-1"},"canonical":"http:\/\/cicm.ma\/en\/associative-life\/","og_locale":"en_US","og_type":"article","og_title":"ASSOCIATIVE LIFE - CICM","og_description":"Conf\u00e9d\u00e9ration G\u00e9n\u00e9rale des Entreprises du Maroc F\u00e9d\u00e9ration Nationale du Transport Routier","og_url":"http:\/\/cicm.ma\/en\/associative-life\/","og_site_name":"CICM","article_modified_time":"2016-12-19T11:03:30+00:00","twitter_card":"summary_large_image","schema":{"@context":"https:\/\/schema.org","@graph":[{"@type":"WebPage","@id":"http:\/\/cicm.ma\/en\/associative-life\/","url":"http:\/\/cicm.ma\/en\/associative-life\/","name":"ASSOCIATIVE LIFE - CICM","isPartOf":{"@id":"http:\/\/cicm.ma\/#website"},"datePublished":"2016-11-08T16:49:24+00:00","dateModified":"2016-12-19T11:03:30+00:00","description":"Conf\u00e9d\u00e9ration G\u00e9n\u00e9rale des Entreprises du Maroc F\u00e9d\u00e9ration Nationale du Transport Routier","breadcrumb":{"@id":"http:\/\/cicm.ma\/en\/associative-life\/#breadcrumb"},"inLanguage":"en-US","potentialAction":[{"@type":"ReadAction","target":["http:\/\/cicm.ma\/en\/associative-life\/"]}]},{"@type":"BreadcrumbList","@id":"http:\/\/cicm.ma\/en\/associative-life\/#breadcrumb","itemListElement":[{"@type":"ListItem","position":1,"name":"Accueil","item":"http:\/\/cicm.ma\/en\/"},{"@type":"ListItem","position":2,"name":"ASSOCIATIVE LIFE"}]},{"@type":"WebSite","@id":"http:\/\/cicm.ma\/#website","url":"http:\/\/cicm.ma\/","name":"CICM","description":"Logistique","potentialAction":[{"@type":"SearchAction","target":{"@type":"EntryPoint","urlTemplate":"http:\/\/cicm.ma\/?s={search_term_string}"},"query-input":{"@type":"PropertyValueSpecification","valueRequired":true,"valueName":"search_term_string"}}],"inLanguage":"en-US"}]}},"_links":{"self":[{"href":"http:\/\/cicm.ma\/en\/wp-json\/wp\/v2\/pages\/1491","targetHints":{"allow":["GET"]}}],"collection":[{"href":"http:\/\/cicm.ma\/en\/wp-json\/wp\/v2\/pages"}],"about":[{"href":"http:\/\/cicm.ma\/en\/wp-json\/wp\/v2\/types\/page"}],"author":[{"embeddable":true,"href":"http:\/\/cicm.ma\/en\/wp-json\/wp\/v2\/users\/1"}],"replies":[{"embeddable":true,"href":"http:\/\/cicm.ma\/en\/wp-json\/wp\/v2\/comments?post=1491"}],"version-history":[{"count":3,"href":"http:\/\/cicm.ma\/en\/wp-json\/wp\/v2\/pages\/1491\/revisions"}],"predecessor-version":[{"id":1679,"href":"http:\/\/cicm.ma\/en\/wp-json\/wp\/v2\/pages\/1491\/revisions\/1679"}],"wp:attachment":[{"href":"http:\/\/cicm.ma\/en\/wp-json\/wp\/v2\/media?parent=1491"}],"curies":[{"name":"wp","href":"https:\/\/api.w.org\/{rel}","templated":true}]}}